{"id":3073,"date":"2022-10-19T20:24:32","date_gmt":"2022-10-19T18:24:32","guid":{"rendered":"https:\/\/www.mcc-expert.com\/?page_id=3073"},"modified":"2025-06-11T16:59:55","modified_gmt":"2025-06-11T14:59:55","slug":"neue-startseite","status":"publish","type":"page","link":"https:\/\/mcc-expert.com\/en\/","title":{"rendered":"Praxis Dr. med. Ortwin Eisert"},"content":{"rendered":"<h3>Medical Care Center <br \/>Ihre Praxis in M\u00fchltal<\/h3>\n<section data-id=\"0d8cb29\" data-element_type=\"section\">\n<p class=\"translation-block\">We look forward to welcoming you to our Medical Care Center in <strong>Nieder-Ramstadt<\/strong>. We are happy to assist you with any health issues with our team. If you are looking for help with problems that you cannot find in our <a href=\"http:\/\/mcc-expert.de\/unsere-leistungen\/\" target=\"_self\">services<\/a>, please use our <a href=\"http:\/\/mcc-expert.de\/termin-vereinbaren\/\" target=\"_self\">contact form<\/a> and we will contact you personally.<\/p>\n<\/section>\n<p style=\"text-align: right;\"><strong>For urgent matters, we can be reached by phone during our office hours.<\/strong><\/p>\n<p><img loading=\"lazy\" decoding=\"async\" src=\"https:\/\/mcc-expert.com\/wp-content\/uploads\/2022\/01\/Dr.-Ortwin-Eisert2.jpg\" sizes=\"auto, (max-width: 246px) 100vw, 246px\" srcset=\"https:\/\/mcc-expert.com\/wp-content\/uploads\/2022\/01\/Dr.-Ortwin-Eisert2.jpg 246w, https:\/\/mcc-expert.com\/wp-content\/uploads\/2022\/01\/Dr.-Ortwin-Eisert2-211x300.jpg 211w, https:\/\/mcc-expert.com\/wp-content\/uploads\/2022\/01\/Dr.-Ortwin-Eisert2-8x12.jpg 8w\" alt=\"\" width=\"246\" height=\"349\" \/><\/p>\n<blockquote>\n<p>Our joy begins where we make others smile.<\/p>\n<footer><cite>Indian proverb<\/cite><\/footer><\/blockquote>\n<h2>We are teaching practice<\/h2>\n<p class=\"translation-block\">As a teaching practice in cooperation with the Goethe University in Frankfurt am Main and a practice for psychotherapeutic training analysis in cooperation with the Wiesbaden Academy for Psychotherapy GmbH, we are happy to open our doors to prospective doctors and psychotherapists. For this reason it can happen that you often experience new faces in our practice. In our practices, we offer the opportunity to gain experience in dealing with patients and to put the knowledge you have learned into practice and deepen it.\nDuring your visit, we will introduce you to our interns and would be pleased if you would support our teaching assignment and allow you to participate in your treatment. Of course, you can refuse this without giving reasons.<\/p>\n<p>If you are a student or trainee in a medical profession and would like to gain practical experience or are looking for a position for your clerkship, we encourage you to contact us by email. We would be happy to train you!<\/p>\n<h2 class=\"break-words\" dir=\"auto\"><strong>Offene Ausbildungsstelle zum\/zur Medizinischen Fachangestellten (MFA) &#8211; m\/w\/d<\/strong><\/h2>\n<p class=\"break-words\" dir=\"auto\">Unsere Praxis bildet regelm\u00e4\u00dfig Menschen zur\/ zum Medizinischen Fachangestellten (MFA) aus und sucht engagierte Talente f\u00fcr unser Team. F\u00fcr den Herbst 2025 bieten wir derzeit eine <strong>Ausbildungsstelle zur\/ zum MFA<\/strong> an. Wenn Sie Interesse an einer fundierten Ausbildung im ambulanten medizinischen Bereich haben oder Erfahrungen als Rezeptionist:in mitbringen, freuen wir uns auf Ihre Bewerbung! Weitere Informationen erhalten Sie direkt in unserer Praxis (<a href=\"https:\/\/mcc-expert.com\/wp-content\/uploads\/2025\/06\/Aushang_3.pdf\">siehe Flyer<\/a>) oder per <a href=\"mailto:office@mcc-expert.com\">Mail<\/a>.<\/p>\n<p class=\"break-words\" dir=\"auto\">Bitte senden Sie Ihre Bewerbung oder Kontaktanfrage f\u00fcr ein pers\u00f6nliches Gespr\u00e4ch aus Nachhaltigkeitsgr\u00fcnden bevorzugt per <a href=\"mailto:office@mcc-expert.com\">Mail<\/a> an office@mcc-expert.com. Wir freuen uns auf Sie!<\/p>\n<p><img decoding=\"async\" title=\"we-are-hiring-3265073_1920\" src=\"https:\/\/mcc-expert.com\/wp-content\/uploads\/elementor\/thumbs\/we-are-hiring-3265073_1920-pjtoei9drgg1c7k9n6n5zwxjaa6d6j2jgh20ntqvyc.jpg\" alt=\"we-are-hiring-3265073_1920\" \/><\/p>\n<h2>New patients can be admitted again<\/h2>\n<p class=\"translation-block\">If you need an appointment for a consultation or would like to use one of the <a href=\"https:\/\/praxisdreisert-m-v96w37u0wg.live-website.com\/unsere-leistungen\/\" target=\"_self\">services<\/a> listed on our website, you can make an appointment using our <a href=\"https:\/\/praxisdreisert-m-v96w37u0wg.live-website.com\/online-services\/\" target=\"_self\">online service<\/a>.<\/p>\n<p><strong>Please bring with you to your first appointment:<\/strong><\/p>\n<ul>\n<li><a href=\"https:\/\/mcc-expert.com\/wp-content\/uploads\/2023\/01\/Doc_Erstanamnesebogen_Neupatient_1.2.pdf\">Questionnaire for new patients<\/a><\/li>\n<li><a href=\"https:\/\/mcc-expert.com\/wp-content\/uploads\/2022\/03\/Doc_Datenschutzerklaerung_Patient.pdf\">Signed confirmation of data protection<\/a><\/li>\n<li>Your health insurance card<\/li>\n<li>Your vaccination certificate<\/li>\n<li>Important preliminary findings (e.g. doctor's letter, etc.)<\/li>\n<\/ul>\n<p><img loading=\"lazy\" decoding=\"async\" src=\"https:\/\/mcc-expert.com\/wp-content\/uploads\/2021\/07\/boy-2027615_1280-150x300.png\" sizes=\"auto, (max-width: 150px) 100vw, 150px\" srcset=\"https:\/\/mcc-expert.com\/wp-content\/uploads\/2021\/07\/boy-2027615_1280-150x300.png 150w, https:\/\/mcc-expert.com\/wp-content\/uploads\/2021\/07\/boy-2027615_1280-512x1024.png 512w, https:\/\/mcc-expert.com\/wp-content\/uploads\/2021\/07\/boy-2027615_1280.png 640w\" alt=\"\" width=\"150\" height=\"300\" \/><br \/><img loading=\"lazy\" decoding=\"async\" src=\"https:\/\/mcc-expert.com\/wp-content\/uploads\/2022\/10\/emergency-g34784303a_1280-300x154.png\" sizes=\"auto, (max-width: 300px) 100vw, 300px\" srcset=\"https:\/\/mcc-expert.com\/wp-content\/uploads\/2022\/10\/emergency-g34784303a_1280-300x154.png 300w, https:\/\/mcc-expert.com\/wp-content\/uploads\/2022\/10\/emergency-g34784303a_1280-1024x524.png 1024w, https:\/\/mcc-expert.com\/wp-content\/uploads\/2022\/10\/emergency-g34784303a_1280-768x393.png 768w, https:\/\/mcc-expert.com\/wp-content\/uploads\/2022\/10\/emergency-g34784303a_1280-18x9.png 18w, https:\/\/mcc-expert.com\/wp-content\/uploads\/2022\/10\/emergency-g34784303a_1280.png 1280w\" alt=\"\" width=\"300\" height=\"154\" \/><\/p>\n<h2>Notfallpfad Psychotherapie<\/h2>\n<p>Leider sind bundesweit die Therapiekapazit\u00e4ten sehr knapp. Uns ist es aber ein pers\u00f6nliches Anliegen, dass niemand lange mit seinem Leid alleine bleiben muss. Daher haben wir einen internen Notfallpfad entwickelt, mit welchem wir Neu- und Bestandspatient*innen ein zeitnahes Erstgespr\u00e4ch erm\u00f6glichen. Hierdurch verhindern wir Wartezeiten von mehreren Monaten auf einen ersten Therapeut*innen-Kontakt. W\u00e4hrend des Erstgespr\u00e4chs findet eine Einsch\u00e4tzung der gegenw\u00e4rtigen Situation statt und es wird mit Ihnen zusammen er\u00f6rtert, welche Behandlung oder Therapie notwendig ist. Anschlie\u00dfend werden entsprechender Diagnose die notwendigen Schritte bei Ihrer Krankenkasse angesto\u00dfen und ein weiterer Zeitplan festgelegt.<\/p>\n<p>Melden Sie sich f\u00fcr Ihren Ersttermin \u00fcber unseren <a href=\"https:\/\/mcc-expert.com\/en\/online-services\/\">Online-Service<\/a>.<\/p>\n<p><img loading=\"lazy\" decoding=\"async\" src=\"https:\/\/mcc-expert.com\/wp-content\/uploads\/2022\/01\/ambulance-1674877_1280-300x300.png\" sizes=\"auto, (max-width: 300px) 100vw, 300px\" srcset=\"https:\/\/mcc-expert.com\/wp-content\/uploads\/2022\/01\/ambulance-1674877_1280-300x300.png 300w, https:\/\/mcc-expert.com\/wp-content\/uploads\/2022\/01\/ambulance-1674877_1280-1024x1024.png 1024w, https:\/\/mcc-expert.com\/wp-content\/uploads\/2022\/01\/ambulance-1674877_1280-150x150.png 150w, https:\/\/mcc-expert.com\/wp-content\/uploads\/2022\/01\/ambulance-1674877_1280-768x768.png 768w, https:\/\/mcc-expert.com\/wp-content\/uploads\/2022\/01\/ambulance-1674877_1280-12x12.png 12w, https:\/\/mcc-expert.com\/wp-content\/uploads\/2022\/01\/ambulance-1674877_1280.png 1280w\" alt=\"\" width=\"300\" height=\"300\" \/><\/p>\n<h2>Emergency<\/h2>\n<p class=\"translation-block\">If the emergency is <strong>life threatening<\/strong>, please call the\n<strong>Ambulance service<\/strong>.<\/p>\n<p>Ambulance service: <strong>112<\/strong><br \/>Fire department:<strong> 112<\/strong><\/p>\n<p class=\"translation-block\">In the event of medical problems outside of our office hours, you can reach the emergency medical service at <strong>116 117<\/strong>. You can find further telephone numbers and information on our website\n<a href=\"http:\/\/mcc-expert.de\/notfall\/\" target=\"_self\">Emergency<\/a>.<\/p>\n<h2>Contact<\/h2>\n<ul>\n<li>MEDICAL COMPETENCE CENTER <br \/>Dr. Ortwin Eisert <br \/>Eberst\u00e4dter Str. 5b <br \/>64367 M\u00fchltal<\/li>\n<li>+49 6151 14357<\/li>\n<li>+49 6151 144854<\/li>\n<li>office@mcc-expert.com<\/li>\n<li><a href=\"http:\/\/mcc-expert.de\/online-services\/\">Online-Services<br \/><\/a><\/li>\n<\/ul>\n<h2>Office Hours<\/h2>\n<p>\n<div class=\"wpdt-c row wpDataTableContainerSimpleTable wpDataTables wpDataTablesWrapper\"\n    >\n        <table id=\"wpdtSimpleTable-1\"\n           style=\"border-collapse:collapse;                   border-spacing:0px;\"\n           class=\"wpdtSimpleTable wpDataTable\"\n           data-column=\"2\"\n           data-rows=\"5\"\n           data-wpid=\"1\"\n           data-responsive=\"0\"\n           data-has-header=\"0\">\n\n                    <tbody>        <tr class=\"wpdt-cell-row\" >\n                                <td class=\"wpdt-cell wpdt-bold wpdt-tc-FFFFFF wpdt-bc-171B1E wpdt-align-left\"\n                                            data-cell-id=\"A1\"\n                    data-col-index=\"0\"\n                    data-row-index=\"0\"\n                    style=\" width:50%;                    padding:6px;                    \"\n                    >\n                                        Mo.                    <\/td>\n                                                <td class=\"wpdt-cell wpdt-tc-FFFFFF wpdt-bc-171B1E wpdt-align-left\"\n                                            data-cell-id=\"B1\"\n                    data-col-index=\"1\"\n                    data-row-index=\"0\"\n                    style=\" width:50%;                    padding:6px;                    \"\n                    >\n                                        08:30 - 13:00 Uhr                    <\/td>\n                                        <\/tr>\n                            <tr class=\"wpdt-cell-row\" >\n                                <td class=\"wpdt-cell wpdt-bold wpdt-tc-FFFFFF wpdt-bc-171B1E wpdt-align-left\"\n                                            data-cell-id=\"A2\"\n                    data-col-index=\"0\"\n                    data-row-index=\"1\"\n                    style=\"                    padding:6px;                    \"\n                    >\n                                        Di.                    <\/td>\n                                                <td class=\"wpdt-cell wpdt-tc-FFFFFF wpdt-bc-171B1E wpdt-align-left\"\n                                            data-cell-id=\"B2\"\n                    data-col-index=\"1\"\n                    data-row-index=\"1\"\n                    style=\"                    padding:6px;                    \"\n                    >\n                                        08:30 - 13:00 Uhr                    <\/td>\n                                        <\/tr>\n                            <tr class=\"wpdt-cell-row\" >\n                                <td class=\"wpdt-cell wpdt-bold wpdt-tc-FFFFFF wpdt-bc-171B1E wpdt-align-left\"\n                                            data-cell-id=\"A3\"\n                    data-col-index=\"0\"\n                    data-row-index=\"2\"\n                    style=\"                    padding:6px;                    \"\n                    >\n                                        Mi.                    <\/td>\n                                                <td class=\"wpdt-cell wpdt-tc-FFFFFF wpdt-bc-171B1E wpdt-align-left\"\n                                            data-cell-id=\"B3\"\n                    data-col-index=\"1\"\n                    data-row-index=\"2\"\n                    style=\"                    padding:6px;                    \"\n                    >\n                                        08:30 - 12:00 Uhr                    <\/td>\n                                        <\/tr>\n                            <tr class=\"wpdt-cell-row\" >\n                                <td class=\"wpdt-cell wpdt-bold wpdt-tc-FFFFFF wpdt-bc-171B1E wpdt-align-left\"\n                                            data-cell-id=\"A4\"\n                    data-col-index=\"0\"\n                    data-row-index=\"3\"\n                    style=\"                    padding:6px;                    \"\n                    >\n                                        Do.                    <\/td>\n                                                <td class=\"wpdt-cell wpdt-tc-FFFFFF wpdt-bc-171B1E wpdt-align-left\"\n                                            data-cell-id=\"B4\"\n                    data-col-index=\"1\"\n                    data-row-index=\"3\"\n                    style=\"                    padding:6px;                    \"\n                    >\n                                        08:30 - 13:00 Uhr 16:00 - 17:00 Uhr                    <\/td>\n                                        <\/tr>\n                            <tr class=\"wpdt-cell-row\" >\n                                <td class=\"wpdt-cell wpdt-bold wpdt-tc-FFFFFF wpdt-bc-171B1E wpdt-align-left\"\n                                            data-cell-id=\"A5\"\n                    data-col-index=\"0\"\n                    data-row-index=\"4\"\n                    style=\"                    padding:6px;                    \"\n                    >\n                                        Fr.                    <\/td>\n                                                <td class=\"wpdt-cell wpdt-tc-FFFFFF wpdt-bc-171B1E wpdt-align-left\"\n                                            data-cell-id=\"B5\"\n                    data-col-index=\"1\"\n                    data-row-index=\"4\"\n                    style=\"                    padding:6px;                    \"\n                    >\n                                        08:30 - 12:00 Uhr                    <\/td>\n                                        <\/tr>\n                    <\/table>\n<\/div><style id='wpdt-custom-style-1'>\n.wpDataTablesWrapper table.wpDataTable > tbody > tr > td{ border: none !important; }\n.wpDataTablesWrapper table.wpDataTable > thead > tr > th{ border: none !important; }\n.wpdt-tc-FFFFFF { color: #FFFFFF !important;}\n.wpdt-bc-171B1E { background-color: #171B1E !important;}\n<\/style>\n<style>\n                    \n                                                \n                \/* pagination background color *\/\n    .wpDataTablesWrapper .dataTables_paginate {\n        background-color:#00000000 !important;\n    }\n        <\/style>\n<br \/><iframe title=\"Eberst\u00e4dter Str. 5b, 64367 M\u00fchltal\" src=\"https:\/\/maps.google.com\/maps?q=Eberst%C3%A4dter%20Str.%205b%2C%2064367%20M%C3%BChltal&amp;t=m&amp;z=15&amp;output=embed&amp;iwloc=near\" aria-label=\"Eberst\u00e4dter Str. 5b, 64367 M\u00fchltal\"><\/iframe><\/p>\n<p>\u00a9 2025, Dr. Ortwin Eisert.<\/p>\n<ul>\n<li><a href=\"http:\/\/mcc-expert.de\/privacy-policy\/\">Privacy Policy<br \/><\/a><\/li>\n<li><a href=\"http:\/\/mcc-expert.de\/impressum\/\">Imprint<br \/><\/a><\/li>\n<li><a href=\"http:\/\/mcc-expert.de\/unsere-praxis\/\">Job Offer<br \/><\/a><\/li>\n<\/ul>\n\n\n<p><\/p>","protected":false},"excerpt":{"rendered":"<p>Medical Care Center Ihre Praxis in M\u00fchltal Wir freuen uns Sie in unserer allgemeinmedizinischen Praxis des Medical Care Centers in Nieder-Ramstadt begr\u00fc\u00dfen zu d\u00fcrfen. Gerne stehen wir Ihnen bei jeglichen Gesundheitsfragen mit unserem Team zur Seite. Sollten Sie Hilfe bei Problemen suchen, welche Sie in unseren Leistungen nicht finden, nutzen Sie gerne unser Kontakformular und [&hellip;]<\/p>\n","protected":false},"author":2,"featured_media":0,"parent":0,"menu_order":0,"comment_status":"closed","ping_status":"closed","template":"","meta":{"ocean_post_layout":"full-screen","ocean_both_sidebars_style":"","ocean_both_sidebars_content_width":0,"ocean_both_sidebars_sidebars_width":0,"ocean_sidebar":"0","ocean_second_sidebar":"0","ocean_disable_margins":"enable","ocean_add_body_class":"","ocean_shortcode_before_top_bar":"","ocean_shortcode_after_top_bar":"","ocean_shortcode_before_header":"","ocean_shortcode_after_header":"","ocean_has_shortcode":"","ocean_shortcode_after_title":"","ocean_shortcode_before_footer_widgets":"","ocean_shortcode_after_footer_widgets":"","ocean_shortcode_before_footer_bottom":"","ocean_shortcode_after_footer_bottom":"","ocean_display_top_bar":"off","ocean_display_header":"default","ocean_header_style":"","ocean_center_header_left_menu":"0","ocean_custom_header_template":"0","ocean_custom_logo":0,"ocean_custom_retina_logo":0,"ocean_custom_logo_max_width":0,"ocean_custom_logo_tablet_max_width":0,"ocean_custom_logo_mobile_max_width":0,"ocean_custom_logo_max_height":0,"ocean_custom_logo_tablet_max_height":0,"ocean_custom_logo_mobile_max_height":0,"ocean_header_custom_menu":"0","ocean_menu_typo_font_family":"0","ocean_menu_typo_font_subset":"","ocean_menu_typo_font_size":0,"ocean_menu_typo_font_size_tablet":0,"ocean_menu_typo_font_size_mobile":0,"ocean_menu_typo_font_size_unit":"px","ocean_menu_typo_font_weight":"","ocean_menu_typo_font_weight_tablet":"","ocean_menu_typo_font_weight_mobile":"","ocean_menu_typo_transform":"","ocean_menu_typo_transform_tablet":"","ocean_menu_typo_transform_mobile":"","ocean_menu_typo_line_height":0,"ocean_menu_typo_line_height_tablet":0,"ocean_menu_typo_line_height_mobile":0,"ocean_menu_typo_line_height_unit":"","ocean_menu_typo_spacing":0,"ocean_menu_typo_spacing_tablet":0,"ocean_menu_typo_spacing_mobile":0,"ocean_menu_typo_spacing_unit":"","ocean_menu_link_color":"","ocean_menu_link_color_hover":"","ocean_menu_link_color_active":"","ocean_menu_link_background":"","ocean_menu_link_hover_background":"","ocean_menu_link_active_background":"","ocean_menu_social_links_bg":"","ocean_menu_social_hover_links_bg":"","ocean_menu_social_links_color":"","ocean_menu_social_hover_links_color":"","ocean_disable_title":"on","ocean_disable_heading":"default","ocean_post_title":"","ocean_post_subheading":"","ocean_post_title_style":"","ocean_post_title_background_color":"","ocean_post_title_background":0,"ocean_post_title_bg_image_position":"","ocean_post_title_bg_image_attachment":"","ocean_post_title_bg_image_repeat":"","ocean_post_title_bg_image_size":"","ocean_post_title_height":0,"ocean_post_title_bg_overlay":0.5,"ocean_post_title_bg_overlay_color":"","ocean_disable_breadcrumbs":"default","ocean_breadcrumbs_color":"","ocean_breadcrumbs_separator_color":"","ocean_breadcrumbs_links_color":"","ocean_breadcrumbs_links_hover_color":"","ocean_display_footer_widgets":"off","ocean_display_footer_bottom":"off","ocean_custom_footer_template":"0","footnotes":""},"class_list":["post-3073","page","type-page","status-publish","hentry","entry"],"_links":{"self":[{"href":"https:\/\/mcc-expert.com\/en\/wp-json\/wp\/v2\/pages\/3073","targetHints":{"allow":["GET"]}}],"collection":[{"href":"https:\/\/mcc-expert.com\/en\/wp-json\/wp\/v2\/pages"}],"about":[{"href":"https:\/\/mcc-expert.com\/en\/wp-json\/wp\/v2\/types\/page"}],"author":[{"embeddable":true,"href":"https:\/\/mcc-expert.com\/en\/wp-json\/wp\/v2\/users\/2"}],"replies":[{"embeddable":true,"href":"https:\/\/mcc-expert.com\/en\/wp-json\/wp\/v2\/comments?post=3073"}],"version-history":[{"count":199,"href":"https:\/\/mcc-expert.com\/en\/wp-json\/wp\/v2\/pages\/3073\/revisions"}],"predecessor-version":[{"id":3665,"href":"https:\/\/mcc-expert.com\/en\/wp-json\/wp\/v2\/pages\/3073\/revisions\/3665"}],"wp:attachment":[{"href":"https:\/\/mcc-expert.com\/en\/wp-json\/wp\/v2\/media?parent=3073"}],"curies":[{"name":"wp","href":"https:\/\/api.w.org\/{rel}","templated":true}]}}