{"id":29,"date":"2021-07-06T20:43:20","date_gmt":"2021-07-06T18:43:20","guid":{"rendered":"http:\/\/mcc-expert.de\/?page_id=29"},"modified":"2023-05-09T13:53:15","modified_gmt":"2023-05-09T11:53:15","slug":"impftermin","status":"publish","type":"page","link":"https:\/\/mcc-expert.com\/en\/impftermin\/","title":{"rendered":"Vaccination"},"content":{"rendered":"<h2>Vaccination<\/h2>\n<p>Whether protection against Corona, specification of the travel destination or preventive measure - you can make an appointment for your vaccination here. Let us know which vaccination you need and we will contact you with an appointment and all the necessary information.<\/p>\n<p>Before the vaccination, Dr. med. Ortwin Eisert will discuss all open questions about the vaccine, effects, risks, etc. with you. If you are unsure which vaccinations should be refreshed, we will be happy to check your vaccination certificate with you.<\/p>\n<p>Missed vaccination certificate or the old one falls apart? - No problem: for a fee of \u20ac 2 you can get a new one from us. Simply indicate this in the text field below.<\/p>\n<p>\t\t\t\t\t\t\t\t\t\t\t\t<a href=\"\">Informations for new patients<\/a><\/p>\n<p>We look forward to welcoming you to the Medical Care Center M\u00fchltal website.<\/p>\n<p class=\"translation-block\">If you would like to take advantage of one of the services described on the following pages, you can use our <a href=\"http:\/\/mcc-expert.de\/termin-vereinbaren\/\" target=\"_self\">Online-Service<\/a>\nor make an appointment at 06151-14357. As soon as you are a patient of our practice, you can conveniently pre-order prescriptions or transfers via the online service.<\/p>\n<p class=\"translation-block\">For a successful treatment by your family doctor, it is important that we know your medical history. For this purpose, we ask you to print out our <a href=\"http:\/\/mcc-expert.de\/wp-content\/uploads\/2021\/07\/Fragebogen-Neu-Patienten.pdf\" target=\"_self\">questionnaire<\/a> for new patients before your first visit and to fill it out at home.<\/p>\n<p><strong>Please bring with you to your first appointment:<\/strong><\/p>\n<ul>\n<li><a href=\"https:\/\/mcc-expert.com\/wp-content\/uploads\/2022\/03\/Doc_Erstanamnesebogen.pdf\" target=\"_blank\" rel=\"noopener\">Questionnaire for new patients<\/a><\/li>\n<li><a href=\"https:\/\/mcc-expert.com\/wp-content\/uploads\/2022\/03\/Doc_Datenschutzerklaerung_Patient.pdf\" target=\"_blank\" rel=\"noopener\">Signed confirmation of data protection<\/a><\/li>\n<li>Your health insurance card<\/li>\n<li>Your vaccination certificate<\/li>\n<li>Important preliminary findings (e.g. doctor's letter, etc.)<\/li>\n<\/ul>\n<p>\t\t\t\t\t\t\t\t\t\t\t\t<a href=\"\">Information about the treatment of minors<\/a><\/p>\n<p>If you are unable to come to the doctor\u00b4s practice with your child for treatment, we can offer the following two options with a power of attorney:<\/p>\n<ul>\n<li><strong>For everyone under the age of 18: <\/strong>As a legal guardian you can authorize a person to visit our practice with your child. The authorized person may make health care decisions for your child. This includes the decision-making power to approve necessary examinations and possibly recommended vaccinations. We are also allowed to give any prescriptions, ordinances and certificates.<\/li>\n<li><strong>For young people from 12 years: <\/strong>You can authorize your child to present themselves to our practice for examination and treatment alone. In addition, we can give your child any prescriptions, prescriptions and certificates and carry out any urgently required or recommended vaccinations.<\/li>\n<\/ul>\n<p>Please bring the child's insurance card, the child's vaccination certificate and an official photo ID from the representative with you to the appointments. Please note that preventive medical examinations can only be carried out in the presence of a legal guardian. These cannot be accompanied by authorized persons.<\/p>\n<p class=\"translation-block\">The corresponding power of attorney document can be found <a href=\"http:\/\/mcc-expert.de\/wp-content\/uploads\/2021\/07\/Vollmacht-Gesundheitsvorsorge-Minderjaehrige.pdf\" target=\"_self\">here<\/a>.<\/p>\n<p>Fields marked with * have to be filled.<\/p>\n<h2>Contact<\/h2>\n<ul>\n<li>\n\t\t\t\t\t\t\t\t\t\tMEDICAL CARE CENTER <br \/> Dr. Ortwin Eisert <br \/> Eberst\u00e4dter Str. 5b <br \/> 64367 M\u00fchltal\n\t\t\t\t\t\t\t\t\t<\/li>\n<li>\n\t\t\t\t\t\t\t\t\t\t+49 6151 14357\n\t\t\t\t\t\t\t\t\t<\/li>\n<li>\n\t\t\t\t\t\t\t\t\t\t+49 6151 144854\n\t\t\t\t\t\t\t\t\t<\/li>\n<li>\n\t\t\t\t\t\t\t\t\t\toffice@mcc-expert.com\n\t\t\t\t\t\t\t\t\t<\/li>\n<li>\n\t\t\t\t\t\t\t\t\t\t\t<a href=\"http:\/\/mcc-expert.de\/online-services\/\"><br \/>\n\t\t\t\t\t\t\t\t\t\tOnline-Services<br \/>\n\t\t\t\t\t\t\t\t\t\t\t<\/a>\n\t\t\t\t\t\t\t\t\t<\/li>\n<\/ul>\n<h2>Office Hours<\/h2>\n<p>\t\t\n<div class=\"wpdt-c row wpDataTableContainerSimpleTable wpDataTables wpDataTablesWrapper\"\n    >\n        <table id=\"wpdtSimpleTable-1\"\n           style=\"border-collapse:collapse;                   border-spacing:0px;\"\n           class=\"wpdtSimpleTable wpDataTable\"\n           data-column=\"2\"\n           data-rows=\"5\"\n           data-wpid=\"1\"\n           data-responsive=\"0\"\n           data-has-header=\"0\">\n\n                    <tbody>        <tr class=\"wpdt-cell-row\" >\n                                <td class=\"wpdt-cell wpdt-bold wpdt-tc-FFFFFF wpdt-bc-171B1E wpdt-align-left\"\n                                            data-cell-id=\"A1\"\n                    data-col-index=\"0\"\n                    data-row-index=\"0\"\n                    style=\" width:50%;                    padding:6px;                    \"\n                    >\n                                        Mo.                    <\/td>\n                                                <td class=\"wpdt-cell wpdt-tc-FFFFFF wpdt-bc-171B1E wpdt-align-left\"\n                                            data-cell-id=\"B1\"\n                    data-col-index=\"1\"\n                    data-row-index=\"0\"\n                    style=\" width:50%;                    padding:6px;                    \"\n                    >\n                                        08:30 - 13:00 Uhr                    <\/td>\n                                        <\/tr>\n                            <tr class=\"wpdt-cell-row\" >\n                                <td class=\"wpdt-cell wpdt-bold wpdt-tc-FFFFFF wpdt-bc-171B1E wpdt-align-left\"\n                                            data-cell-id=\"A2\"\n                    data-col-index=\"0\"\n                    data-row-index=\"1\"\n                    style=\"                    padding:6px;                    \"\n                    >\n                                        Di.                    <\/td>\n                                                <td class=\"wpdt-cell wpdt-tc-FFFFFF wpdt-bc-171B1E wpdt-align-left\"\n                                            data-cell-id=\"B2\"\n                    data-col-index=\"1\"\n                    data-row-index=\"1\"\n                    style=\"                    padding:6px;                    \"\n                    >\n                                        08:30 - 13:00 Uhr                    <\/td>\n                                        <\/tr>\n                            <tr class=\"wpdt-cell-row\" >\n                                <td class=\"wpdt-cell wpdt-bold wpdt-tc-FFFFFF wpdt-bc-171B1E wpdt-align-left\"\n                                            data-cell-id=\"A3\"\n                    data-col-index=\"0\"\n                    data-row-index=\"2\"\n                    style=\"                    padding:6px;                    \"\n                    >\n                                        Mi.                    <\/td>\n                                                <td class=\"wpdt-cell wpdt-tc-FFFFFF wpdt-bc-171B1E wpdt-align-left\"\n                                            data-cell-id=\"B3\"\n                    data-col-index=\"1\"\n                    data-row-index=\"2\"\n                    style=\"                    padding:6px;                    \"\n                    >\n                                        08:30 - 12:00 Uhr                    <\/td>\n                                        <\/tr>\n                            <tr class=\"wpdt-cell-row\" >\n                                <td class=\"wpdt-cell wpdt-bold wpdt-tc-FFFFFF wpdt-bc-171B1E wpdt-align-left\"\n                                            data-cell-id=\"A4\"\n                    data-col-index=\"0\"\n                    data-row-index=\"3\"\n                    style=\"                    padding:6px;                    \"\n                    >\n                                        Do.                    <\/td>\n                                                <td class=\"wpdt-cell wpdt-tc-FFFFFF wpdt-bc-171B1E wpdt-align-left\"\n                                            data-cell-id=\"B4\"\n                    data-col-index=\"1\"\n                    data-row-index=\"3\"\n                    style=\"                    padding:6px;                    \"\n                    >\n                                        08:30 - 13:00 Uhr 16:00 - 17:00 Uhr                    <\/td>\n                                        <\/tr>\n                            <tr class=\"wpdt-cell-row\" >\n                                <td class=\"wpdt-cell wpdt-bold wpdt-tc-FFFFFF wpdt-bc-171B1E wpdt-align-left\"\n                                            data-cell-id=\"A5\"\n                    data-col-index=\"0\"\n                    data-row-index=\"4\"\n                    style=\"                    padding:6px;                    \"\n                    >\n                                        Fr.                    <\/td>\n                                                <td class=\"wpdt-cell wpdt-tc-FFFFFF wpdt-bc-171B1E wpdt-align-left\"\n                                            data-cell-id=\"B5\"\n                    data-col-index=\"1\"\n                    data-row-index=\"4\"\n                    style=\"                    padding:6px;                    \"\n                    >\n                                        08:30 - 12:00 Uhr                    <\/td>\n                                        <\/tr>\n                    <\/table>\n<\/div><style id='wpdt-custom-style-1'>\n.wpDataTablesWrapper table.wpDataTable > tbody > tr > td{ border: none !important; }\n.wpDataTablesWrapper table.wpDataTable > thead > tr > th{ border: none !important; }\n.wpdt-tc-FFFFFF { color: #FFFFFF !important;}\n.wpdt-bc-171B1E { background-color: #171B1E !important;}\n<\/style>\n<style>\n                    \n                                                \n                \/* pagination background color *\/\n    .wpDataTablesWrapper .dataTables_paginate {\n        background-color:#00000000 !important;\n    }\n        <\/style>\n<br \/>\n\t\t\t<iframe loading=\"lazy\"\n\t\t\t\t\tsrc=\"https:\/\/maps.google.com\/maps?q=Eberst%C3%A4dter%20Str.%205b%2C%2064367%20M%C3%BChltal&#038;t=m&#038;z=15&#038;output=embed&#038;iwloc=near\"\n\t\t\t\t\ttitle=\"Eberst\u00e4dter Str. 5b, 64367 M\u00fchltal\"\n\t\t\t\t\taria-label=\"Eberst\u00e4dter Str. 5b, 64367 M\u00fchltal\"\n\t\t\t><\/iframe><\/p>\n<p>\u00a9 2022, Dr. Ortwin Eisert.<\/p>\n<ul>\n<li>\n\t\t\t\t\t\t\t\t\t\t\t<a href=\"http:\/\/mcc-expert.de\/datenschutzerklaerung\/\"><br \/>\n\t\t\t\t\t\t\t\t\t\t\tPrivacy Policy<br \/>\n\t\t\t\t\t\t\t\t\t\t\t<\/a>\n\t\t\t\t\t\t\t\t\t<\/li>\n<li>\n\t\t\t\t\t\t\t\t\t\t\t<a href=\"http:\/\/mcc-expert.de\/impressum\/\"><br \/>\n\t\t\t\t\t\t\t\t\t\t\tImprint<br \/>\n\t\t\t\t\t\t\t\t\t\t\t<\/a>\n\t\t\t\t\t\t\t\t\t<\/li>\n<li>\n\t\t\t\t\t\t\t\t\t\t\t<a href=\"http:\/\/mcc-expert.de\/unsere-praxis\/\"><br \/>\n\t\t\t\t\t\t\t\t\t\t\tJob Offer<br \/>\n\t\t\t\t\t\t\t\t\t\t\t<\/a>\n\t\t\t\t\t\t\t\t\t<\/li>\n<\/ul>","protected":false},"excerpt":{"rendered":"<p>Impftermin vereinbaren Ob Schutz vor Corona, Vorgabe des Reiselandes oder Pr\u00e4ventivma\u00dfnahme &#8211; hier k\u00f6nnen Sie einen Termin f\u00fcr Ihre Impfung vereinbaren. Teilen Sie uns mit, welche Impfung Sie ben\u00f6tigen und wir melden uns mit einem Termin und allen n\u00f6tigen Informationen bei Ihnen. Vor der Impfung wird Dr. med. Ortwin Eisert alle offenen Fragen zu Impfstoff, [&hellip;]<\/p>\n","protected":false},"author":1,"featured_media":240,"parent":0,"menu_order":0,"comment_status":"closed","ping_status":"closed","template":"","meta":{"ocean_post_layout":"full-screen","ocean_both_sidebars_style":"","ocean_both_sidebars_content_width":0,"ocean_both_sidebars_sidebars_width":0,"ocean_sidebar":"0","ocean_second_sidebar":"0","ocean_disable_margins":"enable","ocean_add_body_class":"","ocean_shortcode_before_top_bar":"","ocean_shortcode_after_top_bar":"","ocean_shortcode_before_header":"","ocean_shortcode_after_header":"","ocean_has_shortcode":"","ocean_shortcode_after_title":"","ocean_shortcode_before_footer_widgets":"","ocean_shortcode_after_footer_widgets":"","ocean_shortcode_before_footer_bottom":"","ocean_shortcode_after_footer_bottom":"","ocean_display_top_bar":"off","ocean_display_header":"default","ocean_header_style":"","ocean_center_header_left_menu":"0","ocean_custom_header_template":"0","ocean_custom_logo":0,"ocean_custom_retina_logo":0,"ocean_custom_logo_max_width":0,"ocean_custom_logo_tablet_max_width":0,"ocean_custom_logo_mobile_max_width":0,"ocean_custom_logo_max_height":0,"ocean_custom_logo_tablet_max_height":0,"ocean_custom_logo_mobile_max_height":0,"ocean_header_custom_menu":"0","ocean_menu_typo_font_family":"0","ocean_menu_typo_font_subset":"","ocean_menu_typo_font_size":0,"ocean_menu_typo_font_size_tablet":0,"ocean_menu_typo_font_size_mobile":0,"ocean_menu_typo_font_size_unit":"px","ocean_menu_typo_font_weight":"","ocean_menu_typo_font_weight_tablet":"","ocean_menu_typo_font_weight_mobile":"","ocean_menu_typo_transform":"","ocean_menu_typo_transform_tablet":"","ocean_menu_typo_transform_mobile":"","ocean_menu_typo_line_height":0,"ocean_menu_typo_line_height_tablet":0,"ocean_menu_typo_line_height_mobile":0,"ocean_menu_typo_line_height_unit":"","ocean_menu_typo_spacing":0,"ocean_menu_typo_spacing_tablet":0,"ocean_menu_typo_spacing_mobile":0,"ocean_menu_typo_spacing_unit":"","ocean_menu_link_color":"","ocean_menu_link_color_hover":"","ocean_menu_link_color_active":"","ocean_menu_link_background":"","ocean_menu_link_hover_background":"","ocean_menu_link_active_background":"","ocean_menu_social_links_bg":"","ocean_menu_social_hover_links_bg":"","ocean_menu_social_links_color":"","ocean_menu_social_hover_links_color":"","ocean_disable_title":"on","ocean_disable_heading":"default","ocean_post_title":"","ocean_post_subheading":"","ocean_post_title_style":"","ocean_post_title_background_color":"","ocean_post_title_background":0,"ocean_post_title_bg_image_position":"","ocean_post_title_bg_image_attachment":"","ocean_post_title_bg_image_repeat":"","ocean_post_title_bg_image_size":"","ocean_post_title_height":0,"ocean_post_title_bg_overlay":0.5,"ocean_post_title_bg_overlay_color":"","ocean_disable_breadcrumbs":"default","ocean_breadcrumbs_color":"","ocean_breadcrumbs_separator_color":"","ocean_breadcrumbs_links_color":"","ocean_breadcrumbs_links_hover_color":"","ocean_display_footer_widgets":"off","ocean_display_footer_bottom":"off","ocean_custom_footer_template":"0","footnotes":""},"class_list":["post-29","page","type-page","status-publish","has-post-thumbnail","hentry","entry","has-media"],"_links":{"self":[{"href":"https:\/\/mcc-expert.com\/en\/wp-json\/wp\/v2\/pages\/29","targetHints":{"allow":["GET"]}}],"collection":[{"href":"https:\/\/mcc-expert.com\/en\/wp-json\/wp\/v2\/pages"}],"about":[{"href":"https:\/\/mcc-expert.com\/en\/wp-json\/wp\/v2\/types\/page"}],"author":[{"embeddable":true,"href":"https:\/\/mcc-expert.com\/en\/wp-json\/wp\/v2\/users\/1"}],"replies":[{"embeddable":true,"href":"https:\/\/mcc-expert.com\/en\/wp-json\/wp\/v2\/comments?post=29"}],"version-history":[{"count":117,"href":"https:\/\/mcc-expert.com\/en\/wp-json\/wp\/v2\/pages\/29\/revisions"}],"predecessor-version":[{"id":3584,"href":"https:\/\/mcc-expert.com\/en\/wp-json\/wp\/v2\/pages\/29\/revisions\/3584"}],"wp:featuredmedia":[{"embeddable":true,"href":"https:\/\/mcc-expert.com\/en\/wp-json\/wp\/v2\/media\/240"}],"wp:attachment":[{"href":"https:\/\/mcc-expert.com\/en\/wp-json\/wp\/v2\/media?parent=29"}],"curies":[{"name":"wp","href":"https:\/\/api.w.org\/{rel}","templated":true}]}}